{"id":5253,"date":"2025-05-05T00:28:40","date_gmt":"2025-05-05T00:28:40","guid":{"rendered":"https:\/\/medicateint.tn\/?page_id=5253"},"modified":"2025-05-18T16:50:08","modified_gmt":"2025-05-18T16:50:08","slug":"trouvez-notre-medecin","status":"publish","type":"page","link":"https:\/\/medicateint.tn\/?page_id=5253","title":{"rendered":"Trouvez notre m\u00e9decin"},"content":{"rendered":"\t\t<div data-elementor-type=\"wp-page\" data-elementor-id=\"5253\" class=\"elementor elementor-5253\">\n\t\t\t\t<div class=\"elementor-element elementor-element-20ff935 e-flex e-con-boxed wpr-particle-no wpr-jarallax-no wpr-sticky-section-no e-con e-parent\" data-id=\"20ff935\" data-element_type=\"container\" data-settings=\"{&quot;background_background&quot;:&quot;gradient&quot;}\">\n\t\t\t\t\t<div class=\"e-con-inner\">\n\t\t<div class=\"elementor-element elementor-element-cb64061 e-con-full e-flex wpr-particle-no wpr-jarallax-no wpr-parallax-no wpr-sticky-section-no e-con e-child\" data-id=\"cb64061\" data-element_type=\"container\">\n\t\t\t\t<div class=\"elementor-element elementor-element-38b0aba elementor-widget elementor-widget-heading\" data-id=\"38b0aba\" data-element_type=\"widget\" data-widget_type=\"heading.default\">\n\t\t\t\t<div class=\"elementor-widget-container\">\n\t\t\t\t\t<h2 class=\"elementor-heading-title elementor-size-default\">Trouvez notre m\u00e9decin <\/h2>\t\t\t\t<\/div>\n\t\t\t\t<\/div>\n\t\t\t\t<\/div>\n\t\t\t\t\t<\/div>\n\t\t\t\t<\/div>\n\t\t<div class=\"elementor-element elementor-element-e667c7c e-flex e-con-boxed wpr-particle-no wpr-jarallax-no wpr-parallax-no wpr-sticky-section-no e-con e-parent\" data-id=\"e667c7c\" data-element_type=\"container\">\n\t\t\t\t\t<div class=\"e-con-inner\">\n\t\t\t\t\t<\/div>\n\t\t\t\t<\/div>\n\t\t<div class=\"elementor-element elementor-element-2a93638f e-flex e-con-boxed wpr-particle-no wpr-jarallax-no wpr-parallax-no wpr-sticky-section-no e-con e-parent\" data-id=\"2a93638f\" data-element_type=\"container\" data-settings=\"{&quot;background_background&quot;:&quot;classic&quot;}\">\n\t\t\t\t\t<div class=\"e-con-inner\">\n\t\t<div class=\"elementor-element elementor-element-9eb419a e-con-full e-flex wpr-particle-no wpr-jarallax-no wpr-parallax-no wpr-sticky-section-no e-con e-child\" data-id=\"9eb419a\" data-element_type=\"container\">\n\t\t\t\t<div class=\"elementor-element elementor-element-825388a elementor-widget elementor-widget-heading\" data-id=\"825388a\" data-element_type=\"widget\" data-widget_type=\"heading.default\">\n\t\t\t\t<div class=\"elementor-widget-container\">\n\t\t\t\t\t<h2 class=\"elementor-heading-title elementor-size-default\">Add Your Heading Text Here<\/h2>\t\t\t\t<\/div>\n\t\t\t\t<\/div>\n\t\t\t\t<div class=\"elementor-element elementor-element-f6f90ba elementor-widget elementor-widget-elementskit-testimonial\" data-id=\"f6f90ba\" data-element_type=\"widget\" data-widget_type=\"elementskit-testimonial.default\">\n\t\t\t\t<div class=\"elementor-widget-container\">\n\t\t\t\t\t<div class=\"ekit-wid-con\" ><div class=\"elementskit-testimonial-slider ekit_testimonial_style_5 arrow_inside \" data-config=\"{&quot;rtl&quot;:false,&quot;arrows&quot;:true,&quot;dots&quot;:false,&quot;pauseOnHover&quot;:true,&quot;autoplay&quot;:false,&quot;speed&quot;:1000,&quot;slidesPerGroup&quot;:1,&quot;slidesPerView&quot;:1,&quot;loop&quot;:false,&quot;spaceBetween&quot;:15,&quot;breakpoints&quot;:{&quot;320&quot;:{&quot;slidesPerView&quot;:1,&quot;slidesPerGroup&quot;:1,&quot;spaceBetween&quot;:10},&quot;768&quot;:{&quot;slidesPerView&quot;:2,&quot;slidesPerGroup&quot;:1,&quot;spaceBetween&quot;:10},&quot;1024&quot;:{&quot;slidesPerView&quot;:1,&quot;slidesPerGroup&quot;:1,&quot;spaceBetween&quot;:15}}}\">\n\t<div class=\"ekit-main-swiper swiper\">\n\t\t<div class=\"swiper-wrapper\">\n\t\t\t\t\t\t\t<div class=\"swiper-slide\">\n\t\t\t\t\t<div class=\"swiper-slide-inner\">\n\t\t\t\t\t\t<div class=\"elementskit-single-testimonial-slider elementskit-testimonial-slider-block-style elementskit-testimonial-slider-block-style-two   elementor-repeater-item-71ca779\" >\n\t\t\t\t\t\t\t<div class=\"elementskit-commentor-header\">\n\t\t\t\t\t\t\t\t\n\t\t\t\t\t\t\t\t\t\t\t\t\t\t\t\t<div class=\"elementskit-icon-content elementskit-watermark-icon \">\n\t\t\t\t\t\t\t\t\t<i aria-hidden=\"true\" class=\"icon icon-quote\"><\/i>\t\t\t\t\t\t\t\t<\/div>\n\t\t\t\t\t\t\t\t\t\t\t\t\t\t\t<\/div>\n\t\t\t\t\t\t\t\n\t\t\t\t\t\t\t\t\t\t\t\t\t\t\t<div class=\"elementskit-commentor-content\"><p>D\u00e9couvrez nos m\u00e9decins partenaires class\u00e9s par sp\u00e9cialit\u00e9. Acc\u00e9dez rapidement \u00e0 leurs coordonn\u00e9es, lieux de consultation et disponibilit\u00e9s, pour faciliter votre prise en charge m\u00e9dicale partout en Tunisie.\n\n<\/p><\/div>\n\t\t\t\t\t\t\t\n\t\t\t\t\t\t\t<div class=\"elementskit-commentor-bio\">\n\t\t\t\t\t\t\t\t<div class=\"elementkit-commentor-details client_left\">\n\t\t\t\t\t\t\t\t\t\t\t\t\t\t\t\t\t\t\t<div class=\"elementskit-commentor-image ekit-testimonial--avatar\">\n\t\t\t\t\t\t\t\t\t\t\t<img decoding=\"async\" width=\"70\" height=\"70\" src=\"https:\/\/medicateint.tn\/wp-content\/uploads\/2025\/05\/customer-service-1.png\" class=\"attachment-full size-full\" alt=\"\" srcset=\"https:\/\/medicateint.tn\/wp-content\/uploads\/2025\/05\/customer-service-1.png 512w, https:\/\/medicateint.tn\/wp-content\/uploads\/2025\/05\/customer-service-1-160x160.png 160w, https:\/\/medicateint.tn\/wp-content\/uploads\/2025\/05\/customer-service-1-300x300.png 300w\" sizes=\"(max-width: 512px) 100vw, 512px\" \/>\t\t\t\t\t\t\t\t\t\t<\/div>\n\t\t\t\t\t\t\t\t\t\t\t\t\t\t\t\t\t\t<div class=\"elementskit-profile-info\">\n\t\t\t\t\t\t\t\t\t\t<strong class=\"elementskit-author-name\">Notre \u00c9quipe M\u00e9dicale<\/strong>\n\t\t\t\t\t\t\t\t\t\t<span class=\"elementskit-author-des\"><\/span>\n\t\t\t\t\t\t\t\t\t<\/div>\n\t\t\t\t\t\t\t\t<\/div>\n\t\t\t\t\t\t\t<\/div>\n\t\t\t\t\t\t<\/div>\n\t\t\t\t\t<\/div>\n\t\t\t\t<\/div>\n\t\t\t\t\t<\/div>\n\n\t\t\n\t\t\t\t\t<div class=\"swiper-navigation-button swiper-button-prev\">\n\t\t\t\t<i aria-hidden=\"true\" class=\"fasicon icon-left-arrow\"><\/i>\t\t\t<\/div>\n\t\t\t<div class=\"swiper-navigation-button swiper-button-next\">\n\t\t\t\t<i aria-hidden=\"true\" class=\"fasicon icon-right-arrow\"><\/i>\t\t\t<\/div>\n\t\t\t<\/div>\n<\/div><\/div>\t\t\t\t<\/div>\n\t\t\t\t<\/div>\n\t\t\t\t<\/div>\n\t\t\t\t\t<\/div>\n\t\t\t\t<\/div>\n\t\t<div class=\"elementor-element elementor-element-029db82 e-flex e-con-boxed wpr-particle-no wpr-jarallax-no wpr-parallax-no wpr-sticky-section-no e-con e-parent\" data-id=\"029db82\" data-element_type=\"container\">\n\t\t\t\t\t<div class=\"e-con-inner\">\n\t\t\t\t<div class=\"elementor-element elementor-element-518b7b0 elementor-widget elementor-widget-shortcode\" data-id=\"518b7b0\" data-element_type=\"widget\" data-widget_type=\"shortcode.default\">\n\t\t\t\t<div class=\"elementor-widget-container\">\n\t\t\t\t\t\t\t<div class=\"elementor-shortcode\"><div id=\"caf-post-layout-container\" class=\"caf-post-layout-container  filter-layout1 post-layout4 data-target-div1\" data-post-type=\"post\" data-tax=\"category\" data-terms=\"44,42,45,43\" data-per-page=\"3\" data-selected-terms=\"44,42,45,43\" data-filter-id=\"5948\" data-post-layout=\"post-layout4\" data-target-div=\"data-target-div1\"><div id=\"caf-filter-layout1\" class='caf-filter-layout data-target-div1 '>\r\n    <ul class=\"caf-filter-container caf-filter-layout1\">\r\n        <li class=\"caf-mb-4\"><a href=\"#\" data-id=\"44,42,45,43\" data-main-id=\"flt\" class=\" abc active\" data-target-div=\"data-target-div1\">All<\/a><\/li><li class='caf-mb-4'><a href='#' data-id='44' data-main-id='flt' data-target-div='data-target-div1' class=''>Djerba<\/a><\/li><li class='caf-mb-4'><a href='#' data-id='42' data-main-id='flt' data-target-div='data-target-div1' class=''>Grand Tunis<\/a><\/li><li class='caf-mb-4'><a href='#' data-id='45' data-main-id='flt' data-target-div='data-target-div1' class=''>Sfax<\/a><\/li><li class='caf-mb-4'><a href='#' data-id='43' data-main-id='flt' data-target-div='data-target-div1' class=''>Sousse<\/a><\/li>    <\/ul>\r\n<\/div><div id='manage-ajax-response' class='caf-row'><div class=\"status\"><i class=\"fa fa-spinner\" aria-hidden=\"true\"><\/i><\/div><div class=\"content\"><\/div><\/div><\/div><\/div>\n\t\t\t\t\t\t<\/div>\n\t\t\t\t<\/div>\n\t\t\t\t\t<\/div>\n\t\t\t\t<\/div>\n\t\t\t\t<\/div>\n\t\t","protected":false},"excerpt":{"rendered":"<p>Trouvez notre m\u00e9decin Add Your Heading Text Here D\u00e9couvrez nos m\u00e9decins partenaires class\u00e9s par sp\u00e9cialit\u00e9. Acc\u00e9dez rapidement \u00e0 leurs coordonn\u00e9es, lieux de consultation et disponibilit\u00e9s,<\/p>\n","protected":false},"author":3,"featured_media":0,"parent":0,"menu_order":0,"comment_status":"closed","ping_status":"closed","template":"elementor_header_footer","meta":{"_acf_changed":false,"footnotes":""},"class_list":["post-5253","page","type-page","status-publish","hentry"],"acf":[],"rttpg_featured_image_url":null,"rttpg_author":{"display_name":"medicate tn","author_link":"https:\/\/medicateint.tn\/?author=3"},"rttpg_comment":0,"rttpg_category":null,"rttpg_excerpt":"Trouvez notre m\u00e9decin Add Your Heading Text Here D\u00e9couvrez nos m\u00e9decins partenaires class\u00e9s par sp\u00e9cialit\u00e9. Acc\u00e9dez rapidement \u00e0 leurs coordonn\u00e9es, lieux de consultation et disponibilit\u00e9s,","_links":{"self":[{"href":"https:\/\/medicateint.tn\/index.php?rest_route=\/wp\/v2\/pages\/5253","targetHints":{"allow":["GET"]}}],"collection":[{"href":"https:\/\/medicateint.tn\/index.php?rest_route=\/wp\/v2\/pages"}],"about":[{"href":"https:\/\/medicateint.tn\/index.php?rest_route=\/wp\/v2\/types\/page"}],"author":[{"embeddable":true,"href":"https:\/\/medicateint.tn\/index.php?rest_route=\/wp\/v2\/users\/3"}],"replies":[{"embeddable":true,"href":"https:\/\/medicateint.tn\/index.php?rest_route=%2Fwp%2Fv2%2Fcomments&post=5253"}],"version-history":[{"count":52,"href":"https:\/\/medicateint.tn\/index.php?rest_route=\/wp\/v2\/pages\/5253\/revisions"}],"predecessor-version":[{"id":6490,"href":"https:\/\/medicateint.tn\/index.php?rest_route=\/wp\/v2\/pages\/5253\/revisions\/6490"}],"wp:attachment":[{"href":"https:\/\/medicateint.tn\/index.php?rest_route=%2Fwp%2Fv2%2Fmedia&parent=5253"}],"curies":[{"name":"wp","href":"https:\/\/api.w.org\/{rel}","templated":true}]}}